{"id":31,"date":"2021-12-23T07:28:58","date_gmt":"2021-12-23T06:28:58","guid":{"rendered":"https:\/\/www.nartyprzemysl.pl\/narty\/?page_id=31"},"modified":"2024-01-10T14:58:14","modified_gmt":"2024-01-10T13:58:14","slug":"regulamin-wypozyczalni","status":"publish","type":"page","link":"https:\/\/www.nartyprzemysl.pl\/narty\/regulamin-wypozyczalni\/","title":{"rendered":"Regulamin wypo\u017cyczalni"},"content":{"rendered":"<div class=\"wp-block-image\">\n<figure class=\"aligncenter size-full\"><img data-recalc-dims=\"1\" loading=\"lazy\" decoding=\"async\" width=\"159\" height=\"82\" src=\"https:\/\/i0.wp.com\/www.nartyprzemysl.pl\/narty\/wp-content\/uploads\/2021\/12\/logo-top.png?resize=159%2C82&#038;ssl=1\" alt=\"\" class=\"wp-image-33\"\/><\/figure>\n<\/div>\n\n\n<p class=\"has-text-align-center\"><em><strong>REGULAMIN WYPO\u017bYCZALNI LANO SP\u00d3\u0141KA Z O.O.<\/strong><\/em><\/p>\n\n\n\n<p class=\"has-text-align-center\"><em><strong>Obowi\u0105zuj\u0105cy od dnia 1 stycznia 2020r.<\/strong><\/em><\/p>\n\n\n\n<p class=\"has-text-align-center\"><strong>1.<\/strong><\/p>\n\n\n\n<p>Klientem firmy LANO sp. z o.o. (dalej zwana \u201eWypo\u017cyczalni\u0105\u201d) mo\u017ce by\u0107 ka\u017cda osoba posiadaj\u0105ca pe\u0142n\u0105 zdolno\u015b\u0107 do czynno\u015bci prawnych (dalej zwana \u201eKlient\u201d), kt\u00f3ra zawieraj\u0105c umow\u0119 wypo\u017cyczenia o\u015bwiadcza i potwierdza, \u017ce zapozna\u0142a si\u0119 z Regulaminem Wypo\u017cyczalni i akceptuje Regulamin Wypo\u017cyczalni i Cennik bez zastrze\u017ce\u0144,<\/p>\n\n\n\n<p class=\"has-text-align-center\"><strong>2.<\/strong><\/p>\n\n\n\n<p>Wypo\u017cyczenie i zwrot sprz\u0119tu odbywa si\u0119 w siedzibie Wypo\u017cyczalni.<\/p>\n\n\n\n<p class=\"has-text-align-center\"><strong>3.<\/strong><\/p>\n\n\n\n<ol class=\"wp-block-list\">\n<li>Umowa wypo\u017cyczenia sprz\u0119tu zawarta jest z chwil\u0105 podpisu przez Klienta potwierdzenia Wypo\u017cyczenia.<\/li>\n\n\n\n<li>Umowa wypo\u017cyczenia sprz\u0119tu mo\u017ce zosta\u0107 zawarta z Klientem, kt\u00f3ry oka\u017ce wa\u017cny dokument to\u017csamo\u015bci zawieraj\u0105cy co najmniej nast\u0119puj\u0105ce dane: imi\u0119, nazwisko, adres, numer PESEL (np. dow\u00f3d osobisty, paszport, prawo jazdy) z aktualnym zdj\u0119ciem. W przypadku braku dokumentu to\u017csamo\u015bci warunkiem wypo\u017cyczenia sprz\u0119tu jest zap\u0142ata kaucji. Wypo\u017cyczalnia mo\u017ce za\u017c\u0105da\u0107 okazania dw\u00f3ch dokument\u00f3w to\u017csamo\u015bci r\u00f3wnie\u017c w przypadku, gdy okazany dokument b\u0119dzie budzi\u0142 w\u0105tpliwo\u015bci lub za\u017c\u0105da\u0107 kaucji w przypadku wypo\u017cyczenia sprz\u0119tu o du\u017cej warto\u015bci. Wysoko\u015b\u0107 kaucji jest uzale\u017cniona od warto\u015bci sprz\u0119tu.<\/li>\n\n\n\n<li><a><\/a>Klient wyra\u017ca zgod\u0119 na odczyt w&nbsp;<em>systemie elektronicznej obs\u0142ugi klienta&nbsp;<\/em>Wypo\u017cyczalni \u2013 danych osobowych Klienta poprzez odczyt elektroniczny dokumentu to\u017csamo\u015bci \u2013 w celu uzyskania danych personalnych niezb\u0119dnych do zawarcia umowy (imi\u0119, nazwisko, nr PESEL, nr dokumentu). Dane personalne wykorzystywane do zawarcia umowy wypo\u017cyczenia s\u0105 ograniczone tylko do tych danych, kt\u00f3re s\u0105 niezb\u0119dne do identyfikacji Klienta oraz do ewentualnego dochodzenia w przysz\u0142o\u015bci roszcze\u0144 Wypo\u017cyczalni na drodze s\u0105dowej i egzekucyjnej. System informatyczny Wypo\u017cyczalni \u2013 automatycznie anonimizuje wszystkie dane z dokumentu to\u017csamo\u015bci \u2013 niewykorzystywane do sporz\u0105dzenia umowy wypo\u017cyczenia. System nie sporz\u0105dza skanu dokumentu to\u017csamo\u015bci.<\/li>\n\n\n\n<li>W przypadku braku zgody Klienta na u\u017cycie dokumentu to\u017csamo\u015bci Klienta w systemie elektronicznym u\u017cywanym przez Wypo\u017cyczalni\u0119 (brak zgody na elektroniczny odczyt danych z dokumentu) \u2013 naliczona zostanie op\u0142ata dodatkowa za r\u0119czne wprowadzenie danych Klienta do systemu \u2013 30,00 PLN<\/li>\n\n\n\n<li>Wypo\u017cyczalnia o\u015bwiadcza, \u017ce wykorzystywany przez Wypo\u017cyczalni\u0119 licencjonowany system elektroniczny wspieraj\u0105cy prac\u0119 Wypo\u017cyczalni nie stwarza \u201erepliki dokumentu\u201d w rozumieniu art. 58 ustawy z dnia 22 listopada 2018r. (Dz.U.2019.53 z p\u00f3\u017an. zm.).<\/li>\n<\/ol>\n\n\n\n<p class=\"has-text-align-center\"><strong>4.<\/strong><\/p>\n\n\n\n<p>Umowa o wypo\u017cyczenie okre\u015bla:<\/p>\n\n\n\n<ul class=\"wp-block-list\">\n<li>numer kolejny wypo\u017cyczenia,<\/li>\n\n\n\n<li>dat\u0119 i godzin\u0119 wypo\u017cyczenia,<\/li>\n\n\n\n<li>dane identyfikacyjne Klienta (niezb\u0119dne do zawarcia umowy i w przypadku sporu \u2013 niezb\u0119dne do ewentualnego post\u0119powania s\u0105dowego i egzekucyjnego),<\/li>\n\n\n\n<li>dane identyfikacyjne Wypo\u017cyczalni,<\/li>\n\n\n\n<li>dane identyfikacyjne sprz\u0119tu,<\/li>\n\n\n\n<li>warto\u015b\u0107 sprz\u0119tu,<\/li>\n\n\n\n<li>okres wypo\u017cyczenia sprz\u0119tu,<\/li>\n\n\n\n<li>op\u0142at\u0119 za wypo\u017cyczenie sprz\u0119tu.<\/li>\n\n\n\n<li>O\u015bwiadczenie Klienta o zapoznaniu si\u0119 i akceptacji regulaminu wypo\u017cyczalni.<\/li>\n<\/ul>\n\n\n\n<p>Op\u0142ata za wypo\u017cyczenie sprz\u0119tu ustalona jest w Umowie oraz Cenniku Wypo\u017cyczalni. Dokument ksi\u0119gowy za op\u0142at\u0119 za wypo\u017cyczanie (paragon\/faktura) s\u0105 wydawane po zwrocie Sprz\u0119tu i po okre\u015bleniu ca\u0142kowitej nale\u017cno\u015bci Klienta za okres wypo\u017cyczenia.<\/p>\n\n\n\n<p>Ceny naliczane s\u0105 za ka\u017cd\u0105 godzin\u0119 wypo\u017cyczenia sprz\u0119tu, po up\u0142ywie 20 minut po pe\u0142nej godzinie od wypo\u017cyczenia naliczona zostaje op\u0142ata za kolejn\u0105 pe\u0142n\u0105 godzin\u0119.<br>Wypo\u017cyczenie na jeden dzie\u0144 oznacza wypo\u017cyczenie oraz zwrot tego samego dnia. W przypadku wypo\u017cyczenia na d\u0142u\u017cej ni\u017c jeden dzie\u0144 ceny zostan\u0105 naliczone od godziny 9:00 wed\u0142ug cennika. Wypo\u017cyczony sprz\u0119t nale\u017cy zwr\u00f3ci\u0107 do godziny 21:10 danego dnia. Wol\u0119 wypo\u017cyczenia sprz\u0119tu na d\u0142u\u017cej ni\u017c jeden dzie\u0144 nale\u017cy zg\u0142osi\u0107 w momencie wypo\u017cyczania.<\/p>\n\n\n\n<p class=\"has-text-align-center\"><strong>5.<\/strong><\/p>\n\n\n\n<p>Wypo\u017cyczalnia oddaje do dyspozycji Klienta w\u0142a\u015bciwie przygotowany sprz\u0119t. Klient odbieraj\u0105c sprz\u0119t powinien sprawdzi\u0107 stan techniczny i kompletno\u015b\u0107 sprz\u0119tu. Podpisanie umowy wypo\u017cyczenia przez Klienta jest r\u00f3wnoznaczne z potwierdzeniem, \u017ce otrzymany przez niego sprz\u0119t nie jest wadliwy, jest kompletny, a jego stan techniczny pozwala na jego prawid\u0142owe i bezpieczne u\u017cytkowanie. Poprzez z\u0142o\u017cenie podpisu pod umow\u0105, Klient akceptuje tak\u017ce ustawion\u0105 na wi\u0105zaniach wypo\u017cyczanych nart si\u0142\u0119 wypi\u0119cia buta narciarskiego, je\u017celi tego rodzaju sprz\u0119t jest przez niego wypo\u017cyczany.<\/p>\n\n\n\n<p class=\"has-text-align-center\"><strong>6.<\/strong><\/p>\n\n\n\n<p>Klient ma obowi\u0105zek u\u017cytkowa\u0107 wypo\u017cyczony sprz\u0119t z zachowaniem ostro\u017cno\u015bci, dba\u0142o\u015bci i zgodnie z jego przeznaczeniem. Klient nie mo\u017ce u\u017cytkowa\u0107 sprz\u0119tu poza trasami narciarskimi lub snowboardowymi wyznaczonymi przez o\u015brodek narciarski lub na terenie tras tymczasowo zamkni\u0119tych. Klient nie mo\u017ce dokonywa\u0107 \u017cadnych napraw sprz\u0119tu. U\u017cyczenie sprz\u0119tu osobie trzeciej odbywa si\u0119 na odpowiedzialno\u015b\u0107 Klienta. Wypo\u017cyczalnia nie ponosi odpowiedzialno\u015bci za skutki eksploatacji powsta\u0142e wobec os\u00f3b trzecich i skutki nieprawid\u0142owej eksploatacji.<\/p>\n\n\n\n<p class=\"has-text-align-center\"><strong>7.<\/strong><\/p>\n\n\n\n<p>Klient odpowiada finansowo za utrat\u0119 lub zniszczenie wypo\u017cyczonego sprz\u0119tu oraz za jego uszkodzenie powsta\u0142e w wyniku nieprawid\u0142owego jego u\u017cytkowania. Klient ponosi odpowiedzialno\u015b\u0107 za sprz\u0119t do wysoko\u015bci jego warto\u015bci okre\u015blonej w umowie wypo\u017cyczenia. Wypo\u017cyczalnia dolicza do ceny wypo\u017cyczenia kwot\u0119 pieni\u0119\u017cn\u0105 odpowiadaj\u0105c\u0105 wysoko\u015bci koszt\u00f3w zwi\u0105zanych z napraw\u0105 wypo\u017cyczonego sprz\u0119tu lub zakupem sprz\u0119tu o zbli\u017conej do wypo\u017cyczonego warto\u015bci. O ile zosta\u0142a pobrana kaucja, Klient upowa\u017cnia Wypo\u017cyczalni\u0119 do zatrzymania kaucji do wysoko\u015bci szkody. Klient, kt\u00f3ry nie wp\u0142aca\u0142 kaucji, w przypadku zwrotu sprz\u0119tu uszkodzonego lub niekompletnego zobowi\u0105zuje si\u0119 uregulowa\u0107 ustalon\u0105 przez wypo\u017cyczalni\u0119 kwot\u0119 najp\u00f3\u017aniej w terminie zwrotu sprz\u0119tu.<\/p>\n\n\n\n<p class=\"has-text-align-center\"><strong>8.<\/strong><\/p>\n\n\n\n<p>Sprz\u0119t sportowy b\u0119d\u0105cy przedmiotem wypo\u017cyczenia jest w\u0142asno\u015bci\u0105 Wypo\u017cyczalni. Klient przyjmuje do wiadomo\u015bci, i\u017c zaniechanie zwrotu sprz\u0119tu w terminie okre\u015blonym w umowie wypo\u017cyczenia, bez wcze\u015bniejszej notyfikacji o zamiarze przed\u0142u\u017cenia okresu wypo\u017cyczenia, mo\u017ce wype\u0142nia\u0107 znamiona przest\u0119pstwa przyw\u0142aszczenia i mo\u017ce by\u0107 przedmiotem odpowiedniego zawiadomienie Policji.<\/p>\n\n\n\n<p class=\"has-text-align-center\"><strong>9.<\/strong><\/p>\n\n\n\n<p>W przypadku zwrotu sprz\u0119tu po ustalonym terminie zwrotu, Wypo\u017cyczalnia nalicza dodatkow\u0105 op\u0142at\u0119 w wysoko\u015bci ustalonej w Cenniku. Dodatkow\u0105 op\u0142at\u0119 za wypo\u017cyczenie nalicza si\u0119 od dnia, gdy sprz\u0119t mia\u0142 by\u0107 zwr\u00f3cony do dnia zwrotu sprz\u0119tu lub do dnia wp\u0142acenia nale\u017cno\u015bci za utracony sprz\u0119t.<\/p>\n\n\n\n<p class=\"has-text-align-center\"><strong>10.<\/strong><\/p>\n\n\n\n<p>W razie wcze\u015bniejszego zwrotu sprz\u0119tu ni\u017c czas przewidziany w umowie, Wypo\u017cyczalnia nie jest zobowi\u0105zana do zwrotu \u015brodk\u00f3w pieni\u0119\u017cnych za niewykorzystany czas u\u017cytkowania sprz\u0119tu.<\/p>\n\n\n\n<p class=\"has-text-align-center\"><strong>11.<\/strong><\/p>\n\n\n\n<p>Wypo\u017cyczalnia nie ponosi odpowiedzialno\u015bci za nieszcz\u0119\u015bliwe wypadki i uszkodzenia cia\u0142a Klienta lub os\u00f3b trzecich zaistnia\u0142e w czasie u\u017cytkowania wypo\u017cyczonego sprz\u0119tu, chyba \u017ce by\u0142y one bezpo\u015brednim wynikiem wad ukrytych wypo\u017cyczonego sprz\u0119tu.<\/p>\n\n\n\n<p class=\"has-text-align-center\"><strong>12.<\/strong><\/p>\n\n\n\n<p>Klient o\u015bwiadcza, i\u017c jest \u015bwiadom, i\u017c jazda na nartach lub snowboardzie to sporty ryzykowne, wymagaj\u0105ce kondycji fizycznej i odpowiednich umiej\u0119tno\u015bci. Klient o\u015bwiadcza, i\u017c \u015bwiadomy jest, \u017ce zalecana jest jazda w kasku ochronnym. Osobom pocz\u0105tkuj\u0105cym zaleca si\u0119 jazd\u0119 z instruktorem.<\/p>\n\n\n\n<p class=\"has-text-align-center\"><strong>13.<\/strong><\/p>\n\n\n\n<p><\/p>\n\n\n\n<h2 class=\"wp-block-heading\"><strong>Polityka Prywatno\u015bci RODO.<\/strong><\/h2>\n\n\n\n<p>W zwi\u0105zku z tym, \u017ce od 25 maja 2018r. ma zastosowanie Rozporz\u0105dzenie Parlamentu Europejskiego i Rady (UE) 2016\/679 z dnia 27 kwietnia 2016r. w sprawie ochrony os\u00f3b fizycznych w zwi\u0105zku z przetwarzaniem danych osobowych i w sprawie swobodnego przep\u0142ywu takich danych oraz uchylenia dyrektywy 95\/46\/WE (og\u00f3lne rozporz\u0105dzenie o ochronie danych), przekazujemy Pa\u0144stwu informacje dotycz\u0105ce danych osobowych.<\/p>\n\n\n\n<p>Poni\u017csze informacje przekazujemy wy\u0142\u0105cznie w celach informacyjnych, nie jest wymagane od Pani\/Pana \u017cadne dzia\u0142anie<\/p>\n\n\n\n<p><strong>Administrator danych osobowych<\/strong>: Lano sp. z o.o. ul. Sanocka 12 37-700 Przemy\u015bl<\/p>\n\n\n\n<p><strong>Cele i podstawy przetwarzania<\/strong><\/p>\n\n\n\n<p>w celu wykonania i na podstawie zawartej przez Pa\u0144stwa z nami umowy (podstawa z art. 6 ust. 1 lit. b RODO);<\/p>\n\n\n\n<p>w celu realizacji ci\u0105\u017c\u0105cego na Administratorze obowi\u0105zku prawnego (podstawa z art. 6 ust. 1 lit. c RODO, np. wystawiania faktur);<\/p>\n\n\n\n<p>na podstawie naszego prawnie uzasadnionego obowi\u0105zku, np. w celach archiwalnych (dowodowych) dla zabezpieczenia informacji na wypadek prawnej potrzeby wykazania fakt\u00f3w, w celu ewentualnego ustalenia, dochodzenia lub obrony przed roszczeniami, w celu oferowania Pa\u0144stwu przez nas produkt\u00f3w i us\u0142ug bezpo\u015brednio (marketing bezpo\u015bredni), (podstawa z art. 6 ust. 1 lit. f RODO);<\/p>\n\n\n\n<p>na podstawie zgody, o ile Pa\u0144stwo wyrazili\u015bcie, np. przesy\u0142anie informacji handlowych drog\u0105 elektroniczn\u0105 (podstawa z art. 6 ust. 1 lit. f RODO);<\/p>\n\n\n\n<p><strong>Odbiorcy danych<\/strong><\/p>\n\n\n\n<p>Pa\u0144stwa dane osobowe mo\u017cemy udost\u0119pnia\u0107 podmiotom, z kt\u00f3rych korzystamy przy ich przetwarzaniu np. firmie ksi\u0119gowej, firmie IT, firmie serwisowej sprz\u0119tu, firmom kurierskim, firmie ochroniarskiej, firmom \u015bwiadcz\u0105cym us\u0142ugi pocztowe, firmie archiwizuj\u0105cej dokumenty<\/p>\n\n\n\n<p><strong>Przekazywanie danych do pa\u0144stw trzecich lub organizacji mi\u0119dzynarodowych<\/strong><\/p>\n\n\n\n<p>Pa\u0144stwa dane nie b\u0119d\u0105 przekazywane poza Obszar UE oraz Europejskiego Obszaru Gospodarczego.<\/p>\n\n\n\n<p><strong>Okres przechowywania danych<\/strong><\/p>\n\n\n\n<p>Pa\u0144stwa dane pozyskane w zwi\u0105zku z zawarciem z nami umowy przetwarzamy do ko\u0144ca okresu przedawnienia potencjalnych roszcze\u0144 z niej wynikaj\u0105cych.<\/p>\n\n\n\n<p>Pa\u0144stwa dane przetwarzamy tak\u017ce w zwi\u0105zku z ci\u0105\u017c\u0105cymi na nas obowi\u0105zkami do czasu ich wype\u0142nienia.<\/p>\n\n\n\n<p>Pa\u0144stwa dane przetwarzane na podstawie naszego prawnie uzasadnionego interesu- do momentu jego realizacji lub wniesienia przez Pa\u0144stwa sprzeciwu<\/p>\n\n\n\n<p>Pa\u0144stwa dane przetwarzane na podstawie zgody- do momentu jej wycofania<\/p>\n\n\n\n<p><strong>Pa\u0144stwa prawa:<\/strong><\/p>\n\n\n\n<p>Informujemy, \u017ce przys\u0142uguje Pa\u0144stwu prawo dost\u0119pu do swoich danych oraz otrzymania ich kopii, prawo do sprostowania (poprawiania) swoich danych, prawo do usuni\u0119cia danych.<\/p>\n\n\n\n<p>Je\u017celi Pa\u0144stwa zdaniem nie ma podstaw do tego, aby\u015bmy przetwarzali Pa\u0144stwa dane, mo\u017cecie Pa\u0144stwo za\u017c\u0105da\u0107, aby\u015bmy je usun\u0119li.<\/p>\n\n\n\n<p><strong>Prawo do wniesienia skargi do organu nadzorczego<\/strong><\/p>\n\n\n\n<p>W przypadku uznania, i\u017c przetwarzanie przez Wypo\u017cyczalni\u0119 Pani\/Pana danych osobowych narusza przepisy RODO, przys\u0142uguje Pani\/Panu prawo do wniesienia skargi do Prezesa Urz\u0119du Ochrony Danych Osobowych (ul. Stawki 2, 00-193 Warszawa,&nbsp;<a href=\"https:\/\/www.google.pl\/search?q=biuro+generalnego+inspektora+ochrony+danych+osobowych+telefon&amp;sa=X&amp;ved=0ahUKEwjglejVso7bAhXDCiwKHYlpCKsQ6BMI3gEwFA\">telefon<\/a>: 22 860 70 86)<\/p>\n\n\n\n<p><strong>Sprzeciw wobec przetwarzania danych<\/strong><\/p>\n\n\n\n<p>Klient ma prawo sprzeciwu wobec przetwarzania Pa\u0144stwa danych w celu prowadzenia marketingu bezpo\u015bredniego. Je\u017celi skorzystacie Pa\u0144stwo z tego prawa \u2013 zaprzestaniemy przetwarzania danych w tym celu.<\/p>\n\n\n\n<p>Klient ma prawo sprzeciwu wobec przetwarzania danych na podstawie prawnie uzasadnionego interesu w celach innych ni\u017c marketing bezpo\u015bredni, Klient obowi\u0105zany jest w\u00f3wczas wskaza\u0107 Swoj\u0105 szczeg\u00f3ln\u0105 sytuacj\u0119, kt\u00f3ra Pa\u0144stwa zdaniem uzasadnia zaprzestanie przez Wypo\u017cyczalni\u0119 przetwarzania danych. Przestaniemy przetwarza\u0107 Pa\u0144stwa dane w tych celach, chyba \u017ce wyka\u017cemy, \u017ce podstawy przetwarzania przez Wypo\u017cyczalni\u0119 Pa\u0144stwa danych s\u0105 nadrz\u0119dne wobec Pa\u0144stwa praw lub te\u017c \u017ce Pa\u0144stwa dane s\u0105 nam niezb\u0119dne do ustalenia, dochodzenia lub obrony roszcze\u0144 Wypo\u017cyczalni.<\/p>\n\n\n\n<p><strong>Prawo do cofni\u0119cia zgody na przetwarzanie danych osobowych<\/strong><\/p>\n\n\n\n<p>W ka\u017cdej chwili masz prawo cofn\u0105\u0107 zgod\u0119 na przetwarzanie tych danych osobowych, kt\u00f3re przetwarzamy na podstawie Twojej zgody. Cofni\u0119cie zgody nie b\u0119dzie wp\u0142ywa\u0107 na zgodno\u015b\u0107 z prawem przetwarzania, kt\u00f3rego dokonano na podstawie Twojej zgody przed jej wycofaniem.<\/p>\n\n\n\n<p><strong>Jednocze\u015bnie zgodnie z art. 17 RODO Wypo\u017cyczalnia informuje;<\/strong><\/p>\n\n\n\n<p>1. Ma Pani\/Pan prawo \u017c\u0105dania od administratora niezw\u0142ocznego usuni\u0119cia swoich danych osobowych, je\u017celi:<\/p>\n\n\n\n<p>a) dane osobowe nie s\u0105 ju\u017c niezb\u0119dne do cel\u00f3w, w kt\u00f3rych zosta\u0142y zebrane lub w inny spos\u00f3b przetwarzane;<\/p>\n\n\n\n<p>b) cofnie Pani\/Pan zgod\u0119, na kt\u00f3rej opiera si\u0119 przetwarzanie Pani\/Pana danych osobowych zgodnie z art. 6 ust. 1 lit. a lub art. 9 ust. 2 lit. a, i nie ma innej podstawy prawnej przetwarzania;<\/p>\n\n\n\n<p>c) wnosi Pani\/Pan sprzeciw na mocy art. 21 ust. 1 wobec przetwarzania i nie wyst\u0119puj\u0105 nadrz\u0119dne prawnie uzasadnione podstawy przetwarzania lub osoba, kt\u00f3rej dane dotycz\u0105, wnosi sprzeciw na mocy art. 21 ust. 2 wobec przetwarzania;<\/p>\n\n\n\n<p>d) dane osobowe by\u0142y przetwarzane niezgodnie z prawem.<\/p>\n\n\n\n<p>2. Nie ma zastosowania w\/w art. w zakresie w jakim przetwarzanie danych jest niezb\u0119dne do wype\u0142nienia obowi\u0105zk\u00f3w i wype\u0142niania szczeg\u00f3lnych praw przez administratora:<\/p>\n\n\n\n<p>a) do cel\u00f3w archiwalnych (art. 5 ustawy z dnia 14 lipca 1983 r. o narodowym zasobie archiwalnym i archiwach);<\/p>\n\n\n\n<p>b) do ustalenia, dochodzenia lub obrony roszcze\u0144;<\/p>\n\n\n\n<p>c) do korzystania z prawa do wolno\u015bci wypowiedzi i informacji.<\/p>\n\n\n\n<p><strong>Dane w celu realizacji zawartej umowy wypo\u017cyczenia<\/strong><\/p>\n\n\n\n<p>W zakresie, w jakim przetwarzanie Twoich danych nast\u0119puje w celu zawarcia i realizacji umowy, podanie przez Pa\u0144stwa danych jest warunkiem zawarcia i realizacji umowy. Ich podanie ma charakter dobrowolny, lecz jest niezb\u0119dne do zawarcia i realizacji umowy. W innych przypadkach podanie danych jest dobrowolne, a ich niepodanie nie wi\u0105\u017ce si\u0119 dla Pa\u0144stwa z negatywnymi konsekwencjami.<\/p>\n\n\n\n<p>Informujemy, i\u017c nie przetwarzamy Twoich danych w spos\u00f3b zautomatyzowany<\/p>\n\n\n\n<p><strong>Kontakt z Administratorem danych<\/strong><\/p>\n\n\n\n<p>W przypadku ch\u0119ci realizacji powy\u017cszych praw, prosimy o kontakt drog\u0105 elektroniczn\u0105, poczt\u0105 tradycyjn\u0105 b\u0105d\u017a telefonicznie z wykorzystaniem nast\u0119puj\u0105cych danych:<\/p>\n\n\n\n<p>Lano sp. z o.o. ul. Sanocka 12 37-700 Przemy\u015bl<\/p>\n\n\n\n<p>E-mail:&nbsp;<a href=\"mailto:biuro@nartyprzemysl.pl\"><\/a><a href=\"mailto:biuro@nartyprzemysl.pl\">biuro@nartyprzemysl.pl<\/a><br>Tel: 501 798 337<\/p>\n\n\n\n<p>Je\u017celi jest to dla Pa\u0144stwa wygodniejsze, mo\u017cecie r\u00f3wnie\u017c zrealizowa\u0107 swoje prawa przychodz\u0105c do naszej siedziby.<\/p>\n\n\n\n<p class=\"has-text-align-center\"><strong>14.<\/strong><\/p>\n\n\n\n<p>Inne nie uj\u0119te w niniejszym regulaminie kwestie reguluj\u0105 stosowne akty prawa polskiego w szczeg\u00f3lno\u015bci ustawa z dnia 23 kwietnia 1964 r. Kodeks Cywilny.<\/p>\n\n\n\n<p class=\"has-text-align-center\"><strong>15.<\/strong><\/p>\n\n\n\n<p>Regulamin dost\u0119pny jest na witrynie internetowej pod adresem http:\/\/www.http:\/\/nartyprzemysl.pl\/zima\/index.php\/regulamin-wypozyczalni oraz w wypo\u017cyczalni.<\/p>\n\n\n\n<p class=\"has-text-align-center\"><strong>16.<\/strong><\/p>\n\n\n\n<p>S\u0105dem w\u0142a\u015bciwym do rozpatrywania spor\u00f3w jest s\u0105d w\u0142a\u015bciwy dla miejsca zawarcia umowy wypo\u017cyczenia.<\/p>\n\n\n\n<p>Kaucja za wypo\u017cyczany sprz\u0119t:<br>\u2013 narty (zestaw) 600 z\u0142<br>\u2013 narty junior (zestaw) 400 z\u0142<br>\u2013 narty vip (zestaw) 800 z\u0142<br>\u2013 snowboard (zestaw) 600 z\u0142<br>\u2013 buty narciarskie 150 z\u0142<br>\u2013 buty snowboardowe 150 z\u0142<br>\u2013 kije 100 z\u0142<br>\u2013 kask 150 z\u0142<\/p>\n\n\n\n<p>Op\u0142ata dodatkowa za r\u0119czne wprowadzenie danych Klienta do systemu \u2013 30,00 z\u0142<\/p>\n","protected":false},"excerpt":{"rendered":"<p>REGULAMIN WYPO\u017bYCZALNI LANO SP\u00d3\u0141KA Z O.O. Obowi\u0105zuj\u0105cy od dnia 1 stycznia 2020r. 1. Klientem firmy LANO sp. z o.o. (dalej zwana \u201eWypo\u017cyczalni\u0105\u201d) mo\u017ce by\u0107 ka\u017cda osoba posiadaj\u0105ca pe\u0142n\u0105 zdolno\u015b\u0107 do czynno\u015bci prawnych (dalej zwana \u201eKlient\u201d), kt\u00f3ra zawieraj\u0105c umow\u0119 wypo\u017cyczenia o\u015bwiadcza i potwierdza, \u017ce zapozna\u0142a si\u0119 z Regulaminem Wypo\u017cyczalni i akceptuje Regulamin Wypo\u017cyczalni i Cennik bez zastrze\u017ce\u0144, 2. Wypo\u017cyczenie i zwrot sprz\u0119tu odbywa si\u0119 w siedzibie Wypo\u017cyczalni. 3. 4. Umowa o wypo\u017cyczenie okre\u015bla: Op\u0142ata za wypo\u017cyczenie [&hellip;]<\/p>\n","protected":false},"author":1,"featured_media":0,"parent":0,"menu_order":0,"comment_status":"closed","ping_status":"closed","template":"","meta":{"footnotes":""},"class_list":["post-31","page","type-page","status-publish","hentry"],"jetpack_sharing_enabled":true,"_links":{"self":[{"href":"https:\/\/www.nartyprzemysl.pl\/narty\/wp-json\/wp\/v2\/pages\/31","targetHints":{"allow":["GET"]}}],"collection":[{"href":"https:\/\/www.nartyprzemysl.pl\/narty\/wp-json\/wp\/v2\/pages"}],"about":[{"href":"https:\/\/www.nartyprzemysl.pl\/narty\/wp-json\/wp\/v2\/types\/page"}],"author":[{"embeddable":true,"href":"https:\/\/www.nartyprzemysl.pl\/narty\/wp-json\/wp\/v2\/users\/1"}],"replies":[{"embeddable":true,"href":"https:\/\/www.nartyprzemysl.pl\/narty\/wp-json\/wp\/v2\/comments?post=31"}],"version-history":[{"count":3,"href":"https:\/\/www.nartyprzemysl.pl\/narty\/wp-json\/wp\/v2\/pages\/31\/revisions"}],"predecessor-version":[{"id":245,"href":"https:\/\/www.nartyprzemysl.pl\/narty\/wp-json\/wp\/v2\/pages\/31\/revisions\/245"}],"wp:attachment":[{"href":"https:\/\/www.nartyprzemysl.pl\/narty\/wp-json\/wp\/v2\/media?parent=31"}],"curies":[{"name":"wp","href":"https:\/\/api.w.org\/{rel}","templated":true}]}}