{"id":14,"date":"2021-12-19T17:36:23","date_gmt":"2021-12-19T16:36:23","guid":{"rendered":"https:\/\/www.nartyprzemysl.pl\/narty\/?page_id=14"},"modified":"2026-03-11T08:46:09","modified_gmt":"2026-03-11T07:46:09","slug":"kontakt","status":"publish","type":"page","link":"https:\/\/www.nartyprzemysl.pl\/narty\/kontakt\/","title":{"rendered":"Kontakt"},"content":{"rendered":"\n<div class=\"wp-block-cover is-light\" style=\"min-height:300px;aspect-ratio:unset;\"><img data-recalc-dims=\"1\" loading=\"lazy\" decoding=\"async\" width=\"1920\" height=\"500\" class=\"wp-block-cover__image-background wp-image-20\" alt=\"\" src=\"https:\/\/i0.wp.com\/www.nartyprzemysl.pl\/narty\/wp-content\/uploads\/2021\/12\/start-slide-3.jpg?resize=1920%2C500&#038;ssl=1\" data-object-fit=\"cover\" srcset=\"https:\/\/i0.wp.com\/www.nartyprzemysl.pl\/narty\/wp-content\/uploads\/2021\/12\/start-slide-3.jpg?w=1920&amp;ssl=1 1920w, https:\/\/i0.wp.com\/www.nartyprzemysl.pl\/narty\/wp-content\/uploads\/2021\/12\/start-slide-3.jpg?resize=300%2C78&amp;ssl=1 300w, https:\/\/i0.wp.com\/www.nartyprzemysl.pl\/narty\/wp-content\/uploads\/2021\/12\/start-slide-3.jpg?resize=1024%2C267&amp;ssl=1 1024w, https:\/\/i0.wp.com\/www.nartyprzemysl.pl\/narty\/wp-content\/uploads\/2021\/12\/start-slide-3.jpg?resize=768%2C200&amp;ssl=1 768w, https:\/\/i0.wp.com\/www.nartyprzemysl.pl\/narty\/wp-content\/uploads\/2021\/12\/start-slide-3.jpg?resize=1536%2C400&amp;ssl=1 1536w\" sizes=\"auto, (max-width: 1000px) 100vw, 1000px\" \/><span aria-hidden=\"true\" class=\"wp-block-cover__background has-background-dim-40 has-background-dim wp-block-cover__gradient-background has-background-gradient has-luminous-dusk-gradient-background\"><\/span><div class=\"wp-block-cover__inner-container is-layout-flow wp-block-cover-is-layout-flow\">\n<h1 class=\"wp-block-heading has-text-align-center\" id=\"kontakt\">KONTAKT<\/h1>\n<\/div><\/div>\n\n\n\n<div style=\"height:50px\" aria-hidden=\"true\" class=\"wp-block-spacer\"><\/div>\n\n\n\n<div class=\"wp-block-columns is-layout-flex wp-container-core-columns-is-layout-9d6595d7 wp-block-columns-is-layout-flex\">\n<div class=\"wp-block-column is-layout-flow wp-block-column-is-layout-flow\">\n<h2 class=\"wp-block-heading has-text-align-center\" id=\"wypozyczalnia\">WYPO\u017bYCZALNIA<\/h2>\n\n\n\n<h2 class=\"wp-block-heading has-text-align-center has-pale-cyan-blue-background-color has-background\" id=\"tel-501-978-653\"><a href=\"tel:501978653\" data-type=\"tel\" data-id=\"tel:501978653\">tel. 501 978 653<\/a><\/h2>\n\n\n\n<h2 class=\"wp-block-heading has-text-align-center\" id=\"gorna-stacja-stok-narciarski-posir\">G\u00d3RNA STACJA  &#8211; Stok narciarski POSiR <\/h2>\n\n\n\n<h2 class=\"wp-block-heading has-text-align-center\" id=\"przemysl-ul-pasteura-1\">Przemy\u015bl ul. Pasteura 1<\/h2>\n\n\n\n<p class=\"has-text-align-center\"><strong>Godziny otwarcia:<\/strong> <br><strong>CHWILOWO NIECZYNNE <\/strong><\/p>\n\n\n\n<p class=\"has-text-align-center\">* wypo\u017cyczalnia czynna w trakcie funkcjonowania stoku narciarskiego.<br>* w przypadku niekorzystnych warunk\u00f3w atmosferycznych, godziny otwarcia wypo\u017cyczalni mog\u0105 ulec zmianie.<\/p>\n\n\n\n<iframe src=\"https:\/\/www.google.com\/maps\/embed?pb=!1m18!1m12!1m3!1d2576.7941704481077!2d22.76212749087681!3d49.77112863052798!2m3!1f0!2f0!3f0!3m2!1i1024!2i768!4f13.1!3m3!1m2!1s0x473b7f3eced4d97b%3A0xd7ab57334acd4948!2sNarty%20Przemy%C5%9Bl%20-%20wypo%C5%BCyczalnia%20nart%20-%20ski%20serwis!5e0!3m2!1spl!2spl!4v1640962933579!5m2!1spl!2spl\" style=\"border:0;\" allowfullscreen=\"\" loading=\"lazy\" width=\"100%\" height=\"450\"><\/iframe>\n<\/div>\n\n\n\n<div class=\"wp-block-column is-layout-flow wp-block-column-is-layout-flow\">\n<h2 class=\"wp-block-heading has-text-align-center\" id=\"wypozyczalnia-serwis-komis\">SERWIS &#8211; SPRZEDA\u017b NART U\u017bYWANYCH<\/h2>\n\n\n\n<h2 class=\"wp-block-heading has-text-align-center has-pale-cyan-blue-background-color has-background\" id=\"tel-501-978-643\"><a href=\"tel:501978643\" data-type=\"tel\" data-id=\"tel:501978643\">tel. 501 978 643<\/a><\/h2>\n\n\n\n<h2 class=\"wp-block-heading has-text-align-center\" id=\"dolna-stacja-stok-narciarski-posir\">Lano &#8211; NARTY ROWERY<\/h2>\n\n\n\n<h2 class=\"wp-block-heading has-text-align-center\" id=\"przemysl-ul-sanocka-12\">Przemy\u015bl ul. Batorego 53<\/h2>\n\n\n\n<p class=\"has-text-align-center\"><strong>Godziny otwarcia:<\/strong><br>Poniedzia\u0142ek &#8211; Pi\u0105tek: 9:00 &#8211; 17:00<br>Sobota: 9:00 &#8211; 13:00<\/p>\n\n\n\n<iframe src=\"https:\/\/www.google.com\/maps\/embed?pb=!1m18!1m12!1m3!1d2576.4922953883965!2d22.79999731666663!3d49.77680651011052!2m3!1f0!2f0!3f0!3m2!1i1024!2i768!4f13.1!3m3!1m2!1s0x473b78d3eff7e9eb%3A0x7d9681b2b7a82dbc!2sStefana%20Batorego%2053%2C%2037-700%20Przemy%C5%9Bl!5e0!3m2!1spl!2spl!4v1701167013410!5m2!1spl!2spl\" width=\"100%\" height=\"450\" style=\"border:0;\" allowfullscreen=\"\" loading=\"lazy\" referrerpolicy=\"no-referrer-when-downgrade\"><\/iframe>\n<\/div>\n<\/div>\n\n\n\n<div style=\"height:100px\" aria-hidden=\"true\" class=\"wp-block-spacer\"><\/div>\n","protected":false},"excerpt":{"rendered":"<p>WYPO\u017bYCZALNIA tel. 501 978 653 G\u00d3RNA STACJA &#8211; Stok narciarski POSiR Przemy\u015bl ul. Pasteura 1 Godziny otwarcia: CHWILOWO NIECZYNNE * wypo\u017cyczalnia czynna w trakcie funkcjonowania stoku narciarskiego.* w przypadku niekorzystnych warunk\u00f3w atmosferycznych, godziny otwarcia wypo\u017cyczalni mog\u0105 ulec zmianie. SERWIS &#8211; SPRZEDA\u017b NART U\u017bYWANYCH tel. 501 978 643 Lano &#8211; NARTY ROWERY Przemy\u015bl ul. Batorego 53 Godziny otwarcia:Poniedzia\u0142ek &#8211; Pi\u0105tek: 9:00 &#8211; 17:00Sobota: 9:00 &#8211; 13:00<\/p>\n","protected":false},"author":1,"featured_media":0,"parent":0,"menu_order":0,"comment_status":"closed","ping_status":"closed","template":"","meta":{"footnotes":""},"class_list":["post-14","page","type-page","status-publish","hentry"],"jetpack_sharing_enabled":true,"_links":{"self":[{"href":"https:\/\/www.nartyprzemysl.pl\/narty\/wp-json\/wp\/v2\/pages\/14","targetHints":{"allow":["GET"]}}],"collection":[{"href":"https:\/\/www.nartyprzemysl.pl\/narty\/wp-json\/wp\/v2\/pages"}],"about":[{"href":"https:\/\/www.nartyprzemysl.pl\/narty\/wp-json\/wp\/v2\/types\/page"}],"author":[{"embeddable":true,"href":"https:\/\/www.nartyprzemysl.pl\/narty\/wp-json\/wp\/v2\/users\/1"}],"replies":[{"embeddable":true,"href":"https:\/\/www.nartyprzemysl.pl\/narty\/wp-json\/wp\/v2\/comments?post=14"}],"version-history":[{"count":3,"href":"https:\/\/www.nartyprzemysl.pl\/narty\/wp-json\/wp\/v2\/pages\/14\/revisions"}],"predecessor-version":[{"id":294,"href":"https:\/\/www.nartyprzemysl.pl\/narty\/wp-json\/wp\/v2\/pages\/14\/revisions\/294"}],"wp:attachment":[{"href":"https:\/\/www.nartyprzemysl.pl\/narty\/wp-json\/wp\/v2\/media?parent=14"}],"curies":[{"name":"wp","href":"https:\/\/api.w.org\/{rel}","templated":true}]}}