{"id":10,"date":"2021-12-19T16:30:49","date_gmt":"2021-12-19T15:30:49","guid":{"rendered":"https:\/\/nartyprzemysl.pl\/narty\/?page_id=10"},"modified":"2026-01-05T13:13:55","modified_gmt":"2026-01-05T12:13:55","slug":"wypozyczalnia","status":"publish","type":"page","link":"https:\/\/www.nartyprzemysl.pl\/narty\/wypozyczalnia\/","title":{"rendered":"Wypo\u017cyczalnia"},"content":{"rendered":"\n<div class=\"wp-block-cover\" style=\"min-height:300px;aspect-ratio:unset;\"><img data-recalc-dims=\"1\" loading=\"lazy\" decoding=\"async\" width=\"1920\" height=\"500\" class=\"wp-block-cover__image-background wp-image-23\" alt=\"\" src=\"https:\/\/i0.wp.com\/www.nartyprzemysl.pl\/narty\/wp-content\/uploads\/2021\/12\/start-slide-6.jpg?resize=1920%2C500&#038;ssl=1\" data-object-fit=\"cover\" srcset=\"https:\/\/i0.wp.com\/www.nartyprzemysl.pl\/narty\/wp-content\/uploads\/2021\/12\/start-slide-6.jpg?w=1920&amp;ssl=1 1920w, https:\/\/i0.wp.com\/www.nartyprzemysl.pl\/narty\/wp-content\/uploads\/2021\/12\/start-slide-6.jpg?resize=300%2C78&amp;ssl=1 300w, https:\/\/i0.wp.com\/www.nartyprzemysl.pl\/narty\/wp-content\/uploads\/2021\/12\/start-slide-6.jpg?resize=1024%2C267&amp;ssl=1 1024w, https:\/\/i0.wp.com\/www.nartyprzemysl.pl\/narty\/wp-content\/uploads\/2021\/12\/start-slide-6.jpg?resize=768%2C200&amp;ssl=1 768w, https:\/\/i0.wp.com\/www.nartyprzemysl.pl\/narty\/wp-content\/uploads\/2021\/12\/start-slide-6.jpg?resize=1536%2C400&amp;ssl=1 1536w\" sizes=\"auto, (max-width: 1000px) 100vw, 1000px\" \/><span aria-hidden=\"true\" class=\"wp-block-cover__background has-background-dim-40 has-background-dim wp-block-cover__gradient-background has-background-gradient has-luminous-dusk-gradient-background\"><\/span><div class=\"wp-block-cover__inner-container is-layout-flow wp-block-cover-is-layout-flow\">\n<h1 class=\"wp-block-heading has-text-align-center\">WYPO\u017bYCZALNIA<\/h1>\n<\/div><\/div>\n\n\n\n<div style=\"height:50px\" aria-hidden=\"true\" class=\"wp-block-spacer\"><\/div>\n\n\n\n<h2 class=\"wp-block-heading has-text-align-center\"><strong>WYPO\u017bYCZENIE:<\/strong><\/h2>\n\n\n\n<div class=\"wp-block-columns is-layout-flex wp-container-core-columns-is-layout-9d6595d7 wp-block-columns-is-layout-flex\">\n<div class=\"wp-block-column is-layout-flow wp-block-column-is-layout-flow\" style=\"flex-basis:66.66%\">\n<figure class=\"wp-block-table is-style-stripes\"><table><thead><tr><th><strong>Kategoria sprz\u0119tu<\/strong><\/th><th class=\"has-text-align-center\" data-align=\"center\"><strong>Cena za 1 godzin\u0119<\/strong><\/th><th class=\"has-text-align-center\" data-align=\"center\"><strong>Cena za 1 dzie\u0144<\/strong><\/th><\/tr><\/thead><tbody><tr><td>Narty + buty + kije + kask<\/td><td class=\"has-text-align-center\" data-align=\"center\">17,00 z\u0142<\/td><td class=\"has-text-align-center\" data-align=\"center\">50,00 z\u0142<\/td><\/tr><tr><td>Narty + kije<\/td><td class=\"has-text-align-center\" data-align=\"center\">14,00 z\u0142<\/td><td class=\"has-text-align-center\" data-align=\"center\">40,00 z\u0142<\/td><\/tr><tr><td>Narty JUNIOR + buty + kije + kask<\/td><td class=\"has-text-align-center\" data-align=\"center\">15,00 z\u0142<\/td><td class=\"has-text-align-center\" data-align=\"center\">40,00 z\u0142<\/td><\/tr><tr><td>Narty JUNIOR + kije<\/td><td class=\"has-text-align-center\" data-align=\"center\">12,00 z\u0142<\/td><td class=\"has-text-align-center\" data-align=\"center\">30,00 z\u0142<\/td><\/tr><tr><td>Narty VIP  + buty + kije + kask <\/td><td class=\"has-text-align-center\" data-align=\"center\">20,00 z\u0142<\/td><td class=\"has-text-align-center\" data-align=\"center\">60,00 z\u0142<\/td><\/tr><tr><td>Narty VIP + kije<\/td><td class=\"has-text-align-center\" data-align=\"center\">18,00 z\u0142<\/td><td class=\"has-text-align-center\" data-align=\"center\">50,00 z\u0142<\/td><\/tr><tr><td>Snowboard + buty + kask<\/td><td class=\"has-text-align-center\" data-align=\"center\">17,00 z\u0142<\/td><td class=\"has-text-align-center\" data-align=\"center\">50,00 z\u0142<\/td><\/tr><tr><td>Snowboard<\/td><td class=\"has-text-align-center\" data-align=\"center\">14,00 z\u0142<\/td><td class=\"has-text-align-center\" data-align=\"center\">40,00 z\u0142<\/td><\/tr><tr><td>Buty<\/td><td class=\"has-text-align-center\" data-align=\"center\">10,00 z\u0142<\/td><td class=\"has-text-align-center\" data-align=\"center\">20,00 z\u0142<\/td><\/tr><tr><td>Kije<\/td><td class=\"has-text-align-center\" data-align=\"center\">10,00 z\u0142<\/td><td class=\"has-text-align-center\" data-align=\"center\">10,00 z\u0142<\/td><\/tr><tr><td>Kask<\/td><td class=\"has-text-align-center\" data-align=\"center\">10,00 z\u0142<\/td><td class=\"has-text-align-center\" data-align=\"center\">10,00 z\u0142<\/td><\/tr><\/tbody><\/table><\/figure>\n<\/div>\n\n\n\n<div class=\"wp-block-column is-layout-flow wp-block-column-is-layout-flow\" style=\"flex-basis:33.33%\">\n<p>Wypo\u017cyczenie sprz\u0119tu powy\u017cej 2 dni \u2013 10%<br>Wypo\u017cyczenie sprz\u0119tu powy\u017cej 4 dni \u2013 15%<br>Wypo\u017cyczenie sprz\u0119tu powy\u017cej 6 dni &#8211; 20%<\/p>\n\n\n\n<p>W przypadku wypo\u017cyczenia na d\u0142u\u017cej ni\u017c dwa dni mog\u0105 Pa\u0144stwo otrzyma\u0107 dodatkowy rabat:<\/p>\n\n\n\n<div class=\"wp-block-buttons is-horizontal is-content-justification-center is-layout-flex wp-container-core-buttons-is-layout-499968f5 wp-block-buttons-is-layout-flex\">\n<div class=\"wp-block-button has-custom-width wp-block-button__width-100 is-style-fill\"><a class=\"wp-block-button__link has-white-color has-vivid-red-background-color has-text-color has-background has-medium-font-size has-custom-font-size wp-element-button\" href=\"https:\/\/www.nartyprzemysl.pl\/narty\/regulamin-wypozyczalni\/\" style=\"border-radius:8px\">REGULAMIN<br>WYPO\u017bYCZALNI<\/a><\/div>\n<\/div>\n<\/div>\n<\/div>\n\n\n\n<h2 class=\"wp-block-heading has-text-align-center\">WYPO\u017bYCZENIE KILKUDNIOWE:<\/h2>\n\n\n\n<figure class=\"wp-block-table is-style-stripes\"><table><tbody><tr><td><strong>Kategoria sprz\u0119tu<\/strong><\/td><td><strong>2 dni<\/strong><\/td><td><strong>3 dni<\/strong><\/td><td><strong>4 dni<\/strong><\/td><td><strong>5 dni<\/strong><\/td><td><strong>6 dni<\/strong><\/td><td><strong>7 dni<\/strong><\/td><td><strong>8 dni<\/strong><\/td><td><strong>9 dni<\/strong><\/td><td><strong>10 dni<\/strong><\/td><\/tr><tr><td>Narty + kije<\/td><td>80,00<\/td><td>108,00<\/td><td>144,00<\/td><td>170,00<\/td><td>204,00<\/td><td>224,00<\/td><td>256,00<\/td><td>288,00<\/td><td>320,00<\/td><\/tr><tr><td>Narty + buty + kije + kask<\/td><td>100,00<\/td><td>135,00<\/td><td>180,00<\/td><td>212,00<\/td><td>254,00<\/td><td>280,00<\/td><td>320,00<\/td><td>360,00<\/td><td>400,00<\/td><\/tr><tr><td>Narty JUNIOR + kije<\/td><td>60,00<\/td><td>81,00<\/td><td>108,00<\/td><td>127,00<\/td><td>152,00<\/td><td>168,00<\/td><td>192,00<\/td><td>216,00<\/td><td>240,00<\/td><\/tr><tr><td>Narty JUNIOR + buty + kije + kask<\/td><td>80,00<\/td><td>108,00<\/td><td>144,00<\/td><td>170,00<\/td><td>204,00<\/td><td>224,00<\/td><td>256,00<\/td><td>288,00<\/td><td>320,00<\/td><\/tr><tr><td>Narty VIP + kije<\/td><td>100,00<\/td><td>135,00<\/td><td>180,00<\/td><td>212,00<\/td><td>254,00<\/td><td>280,00<\/td><td>320,00<\/td><td>360,00<\/td><td>400,00<\/td><\/tr><tr><td>Narty VIP + buty + kije + kask<\/td><td>120,00<\/td><td>162,00<\/td><td>216,00<\/td><td>255,00<\/td><td>306,00<\/td><td>336,00<\/td><td>384,00<\/td><td>432,00<\/td><td>480,00<\/td><\/tr><tr><td>Snowboard<\/td><td>80,00<\/td><td>108,00<\/td><td>144,00<\/td><td>170,00<\/td><td>204,00<\/td><td>224,00<\/td><td>256,00<\/td><td>288,00<\/td><td>320,00<\/td><\/tr><tr><td>Snowboard + buty + kask<\/td><td>100,00<\/td><td>135,00<\/td><td>180,00<\/td><td>212,00<\/td><td>254,00<\/td><td>280,00<\/td><td>320,00<\/td><td>360,00<\/td><td>400,00<\/td><\/tr><tr><td>Buty<\/td><td>40,00<\/td><td>54,00<\/td><td>72,00<\/td><td>85,00<\/td><td>102,00<\/td><td>112,00<\/td><td>128,00<\/td><td>144,00<\/td><td>160,00<\/td><\/tr><tr><td>Kije<\/td><td>20,00<\/td><td>27,00<\/td><td>36,00<\/td><td>42,00<\/td><td>51,00<\/td><td>56,00<\/td><td>64,00<\/td><td>72,00<\/td><td>80,00<\/td><\/tr><tr><td>Kask<\/td><td>20,00<\/td><td>27,00<\/td><td>36,00<\/td><td>42,00<\/td><td>51,00<\/td><td>56,00<\/td><td>64,00<\/td><td>72,00<\/td><td>80,00<\/td><\/tr><\/tbody><\/table><\/figure>\n","protected":false},"excerpt":{"rendered":"<p>WYPO\u017bYCZENIE: Kategoria sprz\u0119tu Cena za 1 godzin\u0119 Cena za 1 dzie\u0144 Narty + buty + kije + kask 17,00 z\u0142 50,00 z\u0142 Narty + kije 14,00 z\u0142 40,00 z\u0142 Narty JUNIOR + buty + kije + kask 15,00 z\u0142 40,00 z\u0142 Narty JUNIOR + kije 12,00 z\u0142 30,00 z\u0142 Narty VIP + buty + kije + kask 20,00 z\u0142 60,00 z\u0142 Narty VIP + kije 18,00 z\u0142 50,00 z\u0142 Snowboard + buty + kask 17,00 [&hellip;]<\/p>\n","protected":false},"author":1,"featured_media":0,"parent":0,"menu_order":0,"comment_status":"closed","ping_status":"closed","template":"","meta":{"footnotes":""},"class_list":["post-10","page","type-page","status-publish","hentry"],"jetpack_sharing_enabled":true,"_links":{"self":[{"href":"https:\/\/www.nartyprzemysl.pl\/narty\/wp-json\/wp\/v2\/pages\/10","targetHints":{"allow":["GET"]}}],"collection":[{"href":"https:\/\/www.nartyprzemysl.pl\/narty\/wp-json\/wp\/v2\/pages"}],"about":[{"href":"https:\/\/www.nartyprzemysl.pl\/narty\/wp-json\/wp\/v2\/types\/page"}],"author":[{"embeddable":true,"href":"https:\/\/www.nartyprzemysl.pl\/narty\/wp-json\/wp\/v2\/users\/1"}],"replies":[{"embeddable":true,"href":"https:\/\/www.nartyprzemysl.pl\/narty\/wp-json\/wp\/v2\/comments?post=10"}],"version-history":[{"count":3,"href":"https:\/\/www.nartyprzemysl.pl\/narty\/wp-json\/wp\/v2\/pages\/10\/revisions"}],"predecessor-version":[{"id":285,"href":"https:\/\/www.nartyprzemysl.pl\/narty\/wp-json\/wp\/v2\/pages\/10\/revisions\/285"}],"wp:attachment":[{"href":"https:\/\/www.nartyprzemysl.pl\/narty\/wp-json\/wp\/v2\/media?parent=10"}],"curies":[{"name":"wp","href":"https:\/\/api.w.org\/{rel}","templated":true}]}}